{"id":1028,"date":"2021-10-21T16:25:12","date_gmt":"2021-10-21T14:25:12","guid":{"rendered":"https:\/\/uniwater.se\/?page_id=1028"},"modified":"2024-09-20T14:50:26","modified_gmt":"2024-09-20T12:50:26","slug":"marknaden","status":"publish","type":"page","link":"https:\/\/uniwater.com\/sv\/marknaden\/","title":{"rendered":"Marknaden"},"content":{"rendered":"<p>[et_pb_section fb_built=&#8221;1&#8243; fullwidth=&#8221;on&#8221; module_class=&#8221;section-full-width-header&#8221; _builder_version=&#8221;4.16&#8243; _module_preset=&#8221;default&#8221; global_colors_info=&#8221;{}&#8221;][et_pb_fullwidth_header title=&#8221;Marknaden&#8221; _builder_version=&#8221;4.16&#8243; _module_preset=&#8221;default&#8221; background_enable_color=&#8221;off&#8221; use_background_color_gradient=&#8221;on&#8221; background_color_gradient_stops=&#8221;rgba(0,0,0,0.2) 0%|rgba(0,0,0,0.2) 100%&#8221; background_color_gradient_overlays_image=&#8221;on&#8221; background_color_gradient_start=&#8221;rgba(0,0,0,0.2)&#8221; background_color_gradient_end=&#8221;rgba(0,0,0,0.2)&#8221; background_image=&#8221;https:\/\/uniwater.com\/wp-content\/uploads\/2021\/10\/uniwater-marknaden.jpg&#8221; custom_padding=&#8221;250px||250px||true|false&#8221; custom_css_header_container=&#8221;max-width: 500px;&#8221; custom_css_title=&#8221;max-width: 500px;&#8221; custom_css_content=&#8221;max-width: 500px;&#8221; global_colors_info=&#8221;{}&#8221;][\/et_pb_fullwidth_header][\/et_pb_section][et_pb_section fb_built=&#8221;1&#8243; module_class=&#8221;section-5050&#8243; _builder_version=&#8221;4.16&#8243; _module_preset=&#8221;default&#8221; background_enable_color=&#8221;off&#8221; global_colors_info=&#8221;{}&#8221;][et_pb_row column_structure=&#8221;1_2,1_2&#8243; make_equal=&#8221;on&#8221; _builder_version=&#8221;4.16&#8243; _module_preset=&#8221;default&#8221; global_colors_info=&#8221;{}&#8221;][et_pb_column type=&#8221;1_2&#8243; _builder_version=&#8221;4.16&#8243; _module_preset=&#8221;default&#8221; global_colors_info=&#8221;{}&#8221;][et_pb_cta title=&#8221;F\u00f6r\u00e4ndring och framtidstro&#8221; button_url=&#8221;\/kontakt&#8221; _builder_version=&#8221;4.27.0&#8243; _module_preset=&#8221;default&#8221; header_level=&#8221;h3&#8243; use_background_color=&#8221;off&#8221; text_orientation=&#8221;left&#8221; background_layout=&#8221;light&#8221; hover_enabled=&#8221;0&#8243; global_colors_info=&#8221;{}&#8221; sticky_enabled=&#8221;0&#8243;]<\/p>\n<p>Det s\u00e5 kallade sj\u00e4tte globala m\u00e5let fokuserar p\u00e5 att s\u00e4kerst\u00e4lla rent vatten och sanitet f\u00f6r alla. I Sverige betraktas detta som en sj\u00e4lvklarhet, men \u00e4r allt annat \u00e4n givet. Landets kommunala vattenledningar str\u00e4cker sig tusentals mil under marken, och hanterar dagvatten, spillvatten och dricksvatten. F\u00f6r att det ska flyta p\u00e5 kr\u00e4vs pumpstationer och reningsverk. H\u00e4r spelar Uniwater en avg\u00f6rande roll.<\/p>\n<\/p>\n<p>[\/et_pb_cta][\/et_pb_column][et_pb_column type=&#8221;1_2&#8243; _builder_version=&#8221;4.16&#8243; _module_preset=&#8221;default&#8221; global_colors_info=&#8221;{}&#8221;][et_pb_image src=&#8221;https:\/\/uniwater.com\/wp-content\/uploads\/2021\/10\/uniwater-marknaden@2x.jpg&#8221; title_text=&#8221;uniwater-marknaden@2x&#8221; _builder_version=&#8221;4.16&#8243; _module_preset=&#8221;default&#8221; global_colors_info=&#8221;{}&#8221;][\/et_pb_image][\/et_pb_column][\/et_pb_row][\/et_pb_section]<\/p>\n","protected":false},"excerpt":{"rendered":"<p>Det s\u00e5 kallade sj\u00e4tte globala m\u00e5let fokuserar p\u00e5 att s\u00e4kerst\u00e4lla rent vatten och sanitet f\u00f6r alla. I Sverige betraktas detta som en sj\u00e4lvklarhet, men \u00e4r allt annat \u00e4n givet. Landets kommunala vattenledningar str\u00e4cker sig tusentals mil under marken, och hanterar dagvatten, spillvatten och dricksvatten. F\u00f6r att det ska flyta p\u00e5 kr\u00e4vs pumpstationer och reningsverk. H\u00e4r [&hellip;]<\/p>\n","protected":false},"author":1,"featured_media":0,"parent":0,"menu_order":0,"comment_status":"closed","ping_status":"closed","template":"","meta":{"_acf_changed":false,"_et_pb_use_builder":"on","_et_pb_old_content":"","_et_gb_content_width":"","footnotes":""},"class_list":["post-1028","page","type-page","status-publish","hentry"],"acf":[],"yoast_head":"<!-- This site is optimized with the Yoast SEO plugin v27.5 - https:\/\/yoast.com\/product\/yoast-seo-wordpress\/ -->\n<title>Marknaden - Uniwater<\/title>\n<meta name=\"robots\" content=\"index, follow, max-snippet:-1, max-image-preview:large, max-video-preview:-1\" \/>\n<link rel=\"canonical\" href=\"https:\/\/uniwater.com\/sv\/marknaden\/\" \/>\n<meta property=\"og:locale\" content=\"sv_SE\" \/>\n<meta property=\"og:type\" content=\"article\" \/>\n<meta property=\"og:title\" content=\"Marknaden - Uniwater\" \/>\n<meta property=\"og:description\" content=\"Det s\u00e5 kallade sj\u00e4tte globala m\u00e5let fokuserar p\u00e5 att s\u00e4kerst\u00e4lla rent vatten och sanitet f\u00f6r alla. I Sverige betraktas detta som en sj\u00e4lvklarhet, men \u00e4r allt annat \u00e4n givet. Landets kommunala vattenledningar str\u00e4cker sig tusentals mil under marken, och hanterar dagvatten, spillvatten och dricksvatten. F\u00f6r att det ska flyta p\u00e5 kr\u00e4vs pumpstationer och reningsverk. H\u00e4r [&hellip;]\" \/>\n<meta property=\"og:url\" content=\"https:\/\/uniwater.com\/sv\/marknaden\/\" \/>\n<meta property=\"og:site_name\" content=\"Uniwater\" \/>\n<meta property=\"article:modified_time\" content=\"2024-09-20T12:50:26+00:00\" \/>\n<meta name=\"twitter:card\" content=\"summary_large_image\" \/>\n<meta name=\"twitter:label1\" content=\"Ber\u00e4knad l\u00e4stid\" \/>\n\t<meta name=\"twitter:data1\" content=\"2 minuter\" \/>\n<script type=\"application\/ld+json\" class=\"yoast-schema-graph\">{\"@context\":\"https:\\\/\\\/schema.org\",\"@graph\":[{\"@type\":\"WebPage\",\"@id\":\"https:\\\/\\\/uniwater.com\\\/sv\\\/marknaden\\\/\",\"url\":\"https:\\\/\\\/uniwater.com\\\/sv\\\/marknaden\\\/\",\"name\":\"Marknaden - Uniwater\",\"isPartOf\":{\"@id\":\"https:\\\/\\\/uniwater.com\\\/sv\\\/#website\"},\"datePublished\":\"2021-10-21T14:25:12+00:00\",\"dateModified\":\"2024-09-20T12:50:26+00:00\",\"breadcrumb\":{\"@id\":\"https:\\\/\\\/uniwater.com\\\/sv\\\/marknaden\\\/#breadcrumb\"},\"inLanguage\":\"sv-SE\",\"potentialAction\":[{\"@type\":\"ReadAction\",\"target\":[\"https:\\\/\\\/uniwater.com\\\/sv\\\/marknaden\\\/\"]}]},{\"@type\":\"BreadcrumbList\",\"@id\":\"https:\\\/\\\/uniwater.com\\\/sv\\\/marknaden\\\/#breadcrumb\",\"itemListElement\":[{\"@type\":\"ListItem\",\"position\":1,\"name\":\"Hem\",\"item\":\"https:\\\/\\\/uniwater.com\\\/sv\\\/\"},{\"@type\":\"ListItem\",\"position\":2,\"name\":\"Marknaden\"}]},{\"@type\":\"WebSite\",\"@id\":\"https:\\\/\\\/uniwater.com\\\/sv\\\/#website\",\"url\":\"https:\\\/\\\/uniwater.com\\\/sv\\\/\",\"name\":\"Uniwater\",\"description\":\"Framtidens VA-l\u00f6sningar\",\"publisher\":{\"@id\":\"https:\\\/\\\/uniwater.com\\\/sv\\\/#organization\"},\"potentialAction\":[{\"@type\":\"SearchAction\",\"target\":{\"@type\":\"EntryPoint\",\"urlTemplate\":\"https:\\\/\\\/uniwater.com\\\/sv\\\/?s={search_term_string}\"},\"query-input\":{\"@type\":\"PropertyValueSpecification\",\"valueRequired\":true,\"valueName\":\"search_term_string\"}}],\"inLanguage\":\"sv-SE\"},{\"@type\":\"Organization\",\"@id\":\"https:\\\/\\\/uniwater.com\\\/sv\\\/#organization\",\"name\":\"Uniwater\",\"alternateName\":\"Uniwater AB\",\"url\":\"https:\\\/\\\/uniwater.com\\\/sv\\\/\",\"logo\":{\"@type\":\"ImageObject\",\"inLanguage\":\"sv-SE\",\"@id\":\"https:\\\/\\\/uniwater.com\\\/sv\\\/#\\\/schema\\\/logo\\\/image\\\/\",\"url\":\"https:\\\/\\\/uniwater.com\\\/wp-content\\\/uploads\\\/2024\\\/08\\\/Uniwater_Logo_RGB.png\",\"contentUrl\":\"https:\\\/\\\/uniwater.com\\\/wp-content\\\/uploads\\\/2024\\\/08\\\/Uniwater_Logo_RGB.png\",\"width\":851,\"height\":851,\"caption\":\"Uniwater\"},\"image\":{\"@id\":\"https:\\\/\\\/uniwater.com\\\/sv\\\/#\\\/schema\\\/logo\\\/image\\\/\"},\"sameAs\":[\"https:\\\/\\\/www.instagram.com\\\/uniwater_group\\\/\",\"https:\\\/\\\/www.linkedin.com\\\/company\\\/uniwaterab\\\/\"]}]}<\/script>\n<!-- \/ Yoast SEO plugin. -->","yoast_head_json":{"title":"Marknaden - Uniwater","robots":{"index":"index","follow":"follow","max-snippet":"max-snippet:-1","max-image-preview":"max-image-preview:large","max-video-preview":"max-video-preview:-1"},"canonical":"https:\/\/uniwater.com\/sv\/marknaden\/","og_locale":"sv_SE","og_type":"article","og_title":"Marknaden - Uniwater","og_description":"Det s\u00e5 kallade sj\u00e4tte globala m\u00e5let fokuserar p\u00e5 att s\u00e4kerst\u00e4lla rent vatten och sanitet f\u00f6r alla. I Sverige betraktas detta som en sj\u00e4lvklarhet, men \u00e4r allt annat \u00e4n givet. Landets kommunala vattenledningar str\u00e4cker sig tusentals mil under marken, och hanterar dagvatten, spillvatten och dricksvatten. F\u00f6r att det ska flyta p\u00e5 kr\u00e4vs pumpstationer och reningsverk. H\u00e4r [&hellip;]","og_url":"https:\/\/uniwater.com\/sv\/marknaden\/","og_site_name":"Uniwater","article_modified_time":"2024-09-20T12:50:26+00:00","twitter_card":"summary_large_image","twitter_misc":{"Ber\u00e4knad l\u00e4stid":"2 minuter"},"schema":{"@context":"https:\/\/schema.org","@graph":[{"@type":"WebPage","@id":"https:\/\/uniwater.com\/sv\/marknaden\/","url":"https:\/\/uniwater.com\/sv\/marknaden\/","name":"Marknaden - Uniwater","isPartOf":{"@id":"https:\/\/uniwater.com\/sv\/#website"},"datePublished":"2021-10-21T14:25:12+00:00","dateModified":"2024-09-20T12:50:26+00:00","breadcrumb":{"@id":"https:\/\/uniwater.com\/sv\/marknaden\/#breadcrumb"},"inLanguage":"sv-SE","potentialAction":[{"@type":"ReadAction","target":["https:\/\/uniwater.com\/sv\/marknaden\/"]}]},{"@type":"BreadcrumbList","@id":"https:\/\/uniwater.com\/sv\/marknaden\/#breadcrumb","itemListElement":[{"@type":"ListItem","position":1,"name":"Hem","item":"https:\/\/uniwater.com\/sv\/"},{"@type":"ListItem","position":2,"name":"Marknaden"}]},{"@type":"WebSite","@id":"https:\/\/uniwater.com\/sv\/#website","url":"https:\/\/uniwater.com\/sv\/","name":"Uniwater","description":"Framtidens VA-l\u00f6sningar","publisher":{"@id":"https:\/\/uniwater.com\/sv\/#organization"},"potentialAction":[{"@type":"SearchAction","target":{"@type":"EntryPoint","urlTemplate":"https:\/\/uniwater.com\/sv\/?s={search_term_string}"},"query-input":{"@type":"PropertyValueSpecification","valueRequired":true,"valueName":"search_term_string"}}],"inLanguage":"sv-SE"},{"@type":"Organization","@id":"https:\/\/uniwater.com\/sv\/#organization","name":"Uniwater","alternateName":"Uniwater AB","url":"https:\/\/uniwater.com\/sv\/","logo":{"@type":"ImageObject","inLanguage":"sv-SE","@id":"https:\/\/uniwater.com\/sv\/#\/schema\/logo\/image\/","url":"https:\/\/uniwater.com\/wp-content\/uploads\/2024\/08\/Uniwater_Logo_RGB.png","contentUrl":"https:\/\/uniwater.com\/wp-content\/uploads\/2024\/08\/Uniwater_Logo_RGB.png","width":851,"height":851,"caption":"Uniwater"},"image":{"@id":"https:\/\/uniwater.com\/sv\/#\/schema\/logo\/image\/"},"sameAs":["https:\/\/www.instagram.com\/uniwater_group\/","https:\/\/www.linkedin.com\/company\/uniwaterab\/"]}]}},"_links":{"self":[{"href":"https:\/\/uniwater.com\/sv\/wp-json\/wp\/v2\/pages\/1028","targetHints":{"allow":["GET"]}}],"collection":[{"href":"https:\/\/uniwater.com\/sv\/wp-json\/wp\/v2\/pages"}],"about":[{"href":"https:\/\/uniwater.com\/sv\/wp-json\/wp\/v2\/types\/page"}],"author":[{"embeddable":true,"href":"https:\/\/uniwater.com\/sv\/wp-json\/wp\/v2\/users\/1"}],"replies":[{"embeddable":true,"href":"https:\/\/uniwater.com\/sv\/wp-json\/wp\/v2\/comments?post=1028"}],"version-history":[{"count":4,"href":"https:\/\/uniwater.com\/sv\/wp-json\/wp\/v2\/pages\/1028\/revisions"}],"predecessor-version":[{"id":4889,"href":"https:\/\/uniwater.com\/sv\/wp-json\/wp\/v2\/pages\/1028\/revisions\/4889"}],"wp:attachment":[{"href":"https:\/\/uniwater.com\/sv\/wp-json\/wp\/v2\/media?parent=1028"}],"curies":[{"name":"wp","href":"https:\/\/api.w.org\/{rel}","templated":true}]}}