{"id":1032,"date":"2021-10-21T16:27:13","date_gmt":"2021-10-21T14:27:13","guid":{"rendered":"https:\/\/uniwater.se\/?page_id=1032"},"modified":"2024-09-20T14:56:41","modified_gmt":"2024-09-20T12:56:41","slug":"samhallet","status":"publish","type":"page","link":"https:\/\/uniwater.com\/sv\/samhallet\/","title":{"rendered":"Samh\u00e4llet"},"content":{"rendered":"<p>[et_pb_section fb_built=&#8221;1&#8243; fullwidth=&#8221;on&#8221; module_class=&#8221;section-full-width-header&#8221; _builder_version=&#8221;4.16&#8243; _module_preset=&#8221;default&#8221; global_colors_info=&#8221;{}&#8221;][et_pb_fullwidth_header title=&#8221;Samh\u00e4llet&#8221; _builder_version=&#8221;4.16&#8243; _module_preset=&#8221;default&#8221; background_enable_color=&#8221;off&#8221; use_background_color_gradient=&#8221;on&#8221; background_color_gradient_stops=&#8221;rgba(0,0,0,0.2) 0%|rgba(0,0,0,0.2) 100%&#8221; background_color_gradient_overlays_image=&#8221;on&#8221; background_color_gradient_start=&#8221;rgba(0,0,0,0.2)&#8221; background_color_gradient_end=&#8221;rgba(0,0,0,0.2)&#8221; background_image=&#8221;https:\/\/uniwater.com\/wp-content\/uploads\/2021\/10\/uniwater-samhallet.jpg&#8221; custom_padding=&#8221;250px||250px||true|false&#8221; custom_css_header_container=&#8221;max-width: 500px;&#8221; custom_css_title=&#8221;max-width: 500px;&#8221; custom_css_content=&#8221;max-width: 500px;&#8221; global_colors_info=&#8221;{}&#8221;][\/et_pb_fullwidth_header][\/et_pb_section][et_pb_section fb_built=&#8221;1&#8243; module_class=&#8221;section-5050&#8243; _builder_version=&#8221;4.16&#8243; _module_preset=&#8221;default&#8221; background_enable_color=&#8221;off&#8221; global_colors_info=&#8221;{}&#8221;][et_pb_row column_structure=&#8221;1_2,1_2&#8243; make_equal=&#8221;on&#8221; _builder_version=&#8221;4.16&#8243; _module_preset=&#8221;default&#8221; global_colors_info=&#8221;{}&#8221;][et_pb_column type=&#8221;1_2&#8243; _builder_version=&#8221;4.16&#8243; _module_preset=&#8221;default&#8221; global_colors_info=&#8221;{}&#8221;][et_pb_cta title=&#8221;Vattnets kretslopp och samh\u00e4llet&#8221; button_url=&#8221;\/kontakt&#8221; _builder_version=&#8221;4.27.0&#8243; _module_preset=&#8221;default&#8221; header_level=&#8221;h3&#8243; use_background_color=&#8221;off&#8221; text_orientation=&#8221;left&#8221; background_layout=&#8221;light&#8221; hover_enabled=&#8221;0&#8243; global_colors_info=&#8221;{}&#8221; sticky_enabled=&#8221;0&#8243;]<\/p>\n<p><strong>Vattnets v\u00e4g<br \/><\/strong><\/p>\n<p>Vi dricker samma vatten som dinosaurierna drack och som kommande generationer ska dricka. Jordens vatten f\u00f6rbrukas inte. Det anv\u00e4nds och \u00e5terf\u00f6rs i ett evigt kretslopp.<br \/>V\u00e5rt dricksvatten h\u00e4mtas fr\u00e5n vattent\u00e4kter. D\u00e4refter renas det i vattenverk och levereras som dricksvatten via ledningsn\u00e4t \u00e4nda fram till kranen. Det anv\u00e4nda dricksvattnet rinner sedan ut i avloppet via avloppsledningsn\u00e4t till reningsverket. D\u00e4r renas vattnet i flera steg innan det leds tillbaka till naturen. \u2028<\/p>\n<p><strong>Vattenutmaningar<\/strong><\/p>\n<p>H\u00e4r i Norden har vi tillg\u00e5ng till mycket vatten. Men det betyder inte att rent vatten \u00e4r en sj\u00e4lvklarhet. N\u00e5gra av de vattenrelaterade utmaningar vi st\u00e5r inf\u00f6r \u00e4r:<\/p>\n<p>\u2022 \u00d6verg\u00f6dning och algblomning i sj\u00f6ar och hav n\u00e4r \u00e4mnen som fosfor och kv\u00e4ve tillf\u00f6rs vattnet p\u00e5 grund av m\u00e4nskliga aktiviteter.<\/p>\n<p>\u2022 Sv\u00e5rnedbrytbara och farliga \u00e4mnen i samh\u00e4llet p\u00e5verkar v\u00e5rt vatten negativt.<\/p>\n<p>\u2022 Klimatf\u00f6r\u00e4ndringar f\u00f6rv\u00e4ntas medf\u00f6ra mer intensiv nederb\u00f6rd, \u00f6kad risk f\u00f6r \u00f6versv\u00e4mningar och f\u00f6rorening av vattent\u00e4kter d\u00e4r vi h\u00e4mtar v\u00e5rt dricksvatten.<\/p>\n<p>\u2022 Grundvatten p\u00e5 m\u00e5nga platser riskerar att f\u00f6rorenas eller \u00f6verexploateras.<\/p>\n<p>Vattenutmaningar globalt:<\/p>\n<p>2015 uppskattade FN och WHO att antalet m\u00e4nniskor utan tillg\u00e5ng till rent vatten var fler \u00e4n 650 miljoner och att 2,3 miljarder m\u00e4nniskor saknar tillg\u00e5ng till n\u00e5gon form av toalett.<\/p>\n<p>Till f\u00f6ljd av den globala uppv\u00e4rmningen ber\u00e4knas vattentillg\u00e5ngen bli \u00e4nnu mer begr\u00e4nsad i stora regioner runt om i v\u00e4rlden.<\/p>\n<p><strong>Avlopp<\/strong><\/p>\n<p>Ett fungerande avloppssystem \u00e4r grundl\u00e4ggande f\u00f6r v\u00e5r h\u00e4lsa och v\u00e5r milj\u00f6. Det leder bort och renar avloppsvatten p\u00e5 ett effektivt, milj\u00f6m\u00e4ssigt och hygieniskt s\u00e4tt. F\u00f6r att hantera avloppsvattnet i Norden har vi tusentals reningsverk och hundratusentals kilometer avloppsr\u00f6r.<\/p>\n<p><strong>Dricksvatten<\/strong><\/p>\n<p>Kallt dricksvattnet \u00e4r v\u00e5rt mest kontrollerade livsmedel. Vi har tillg\u00e5ng till det dygnet runt direkt i kranen. Det finns cirka 1 400 000 000 000 miljarder liter vatten p\u00e5 jorden, men det \u00e4r bara en liten del som g\u00e5r att dricka. I Sverige f\u00f6rbrukar vi i genomsnitt 140 liter* vatten per person och dygn f\u00f6rdelat ungef\u00e4r s\u00e5 h\u00e4r:<\/p>\n<p>60 liter f\u00f6r personlig hygien<br \/>30 liter f\u00f6r toalettspolning<br \/>15 liter f\u00f6r disk<br \/>15 liter f\u00f6r tv\u00e4tt<br \/>10 liter f\u00f6r mat och dryck<br \/>10 liter \u00f6vrigt<\/p>\n<p>*Siffran baseras p\u00e5 statistik fr\u00e5n vattenm\u00e4tare \u00f6ver hela Sverige.<\/p>\n<\/p>\n<p>[\/et_pb_cta][\/et_pb_column][et_pb_column type=&#8221;1_2&#8243; _builder_version=&#8221;4.16&#8243; _module_preset=&#8221;default&#8221; global_colors_info=&#8221;{}&#8221;][et_pb_image src=&#8221;https:\/\/uniwater.com\/wp-content\/uploads\/2021\/10\/uniwater-samhallet@2x@2x.jpg&#8221; title_text=&#8221;uniwater-samhallet@2x@2x&#8221; _builder_version=&#8221;4.16&#8243; _module_preset=&#8221;default&#8221; global_colors_info=&#8221;{}&#8221;][\/et_pb_image][\/et_pb_column][\/et_pb_row][\/et_pb_section]<\/p>\n","protected":false},"excerpt":{"rendered":"<p>Vattnets v\u00e4g Vi dricker samma vatten som dinosaurierna drack och som kommande generationer ska dricka. Jordens vatten f\u00f6rbrukas inte. Det anv\u00e4nds och \u00e5terf\u00f6rs i ett evigt kretslopp.V\u00e5rt dricksvatten h\u00e4mtas fr\u00e5n vattent\u00e4kter. D\u00e4refter renas det i vattenverk och levereras som dricksvatten via ledningsn\u00e4t \u00e4nda fram till kranen. Det anv\u00e4nda dricksvattnet rinner sedan ut i avloppet via [&hellip;]<\/p>\n","protected":false},"author":1,"featured_media":0,"parent":0,"menu_order":0,"comment_status":"closed","ping_status":"closed","template":"","meta":{"_acf_changed":false,"_et_pb_use_builder":"on","_et_pb_old_content":"<!-- wp:divi\/placeholder \/-->","_et_gb_content_width":"","footnotes":""},"class_list":["post-1032","page","type-page","status-publish","hentry"],"acf":[],"yoast_head":"<!-- This site is optimized with the Yoast SEO plugin v27.5 - https:\/\/yoast.com\/product\/yoast-seo-wordpress\/ -->\n<title>Samh\u00e4llet - Uniwater<\/title>\n<meta name=\"robots\" content=\"index, follow, max-snippet:-1, max-image-preview:large, max-video-preview:-1\" \/>\n<link rel=\"canonical\" href=\"https:\/\/uniwater.com\/sv\/samhallet\/\" \/>\n<meta property=\"og:locale\" content=\"sv_SE\" \/>\n<meta property=\"og:type\" content=\"article\" \/>\n<meta property=\"og:title\" content=\"Samh\u00e4llet - Uniwater\" \/>\n<meta property=\"og:description\" content=\"Vattnets v\u00e4g Vi dricker samma vatten som dinosaurierna drack och som kommande generationer ska dricka. Jordens vatten f\u00f6rbrukas inte. Det anv\u00e4nds och \u00e5terf\u00f6rs i ett evigt kretslopp.V\u00e5rt dricksvatten h\u00e4mtas fr\u00e5n vattent\u00e4kter. D\u00e4refter renas det i vattenverk och levereras som dricksvatten via ledningsn\u00e4t \u00e4nda fram till kranen. Det anv\u00e4nda dricksvattnet rinner sedan ut i avloppet via [&hellip;]\" \/>\n<meta property=\"og:url\" content=\"https:\/\/uniwater.com\/sv\/samhallet\/\" \/>\n<meta property=\"og:site_name\" content=\"Uniwater\" \/>\n<meta property=\"article:modified_time\" content=\"2024-09-20T12:56:41+00:00\" \/>\n<meta name=\"twitter:card\" content=\"summary_large_image\" \/>\n<script type=\"application\/ld+json\" class=\"yoast-schema-graph\">{\"@context\":\"https:\\\/\\\/schema.org\",\"@graph\":[{\"@type\":\"WebPage\",\"@id\":\"https:\\\/\\\/uniwater.com\\\/sv\\\/samhallet\\\/\",\"url\":\"https:\\\/\\\/uniwater.com\\\/sv\\\/samhallet\\\/\",\"name\":\"Samh\u00e4llet - Uniwater\",\"isPartOf\":{\"@id\":\"https:\\\/\\\/uniwater.com\\\/sv\\\/#website\"},\"datePublished\":\"2021-10-21T14:27:13+00:00\",\"dateModified\":\"2024-09-20T12:56:41+00:00\",\"breadcrumb\":{\"@id\":\"https:\\\/\\\/uniwater.com\\\/sv\\\/samhallet\\\/#breadcrumb\"},\"inLanguage\":\"sv-SE\",\"potentialAction\":[{\"@type\":\"ReadAction\",\"target\":[\"https:\\\/\\\/uniwater.com\\\/sv\\\/samhallet\\\/\"]}]},{\"@type\":\"BreadcrumbList\",\"@id\":\"https:\\\/\\\/uniwater.com\\\/sv\\\/samhallet\\\/#breadcrumb\",\"itemListElement\":[{\"@type\":\"ListItem\",\"position\":1,\"name\":\"Hem\",\"item\":\"https:\\\/\\\/uniwater.com\\\/sv\\\/\"},{\"@type\":\"ListItem\",\"position\":2,\"name\":\"Samh\u00e4llet\"}]},{\"@type\":\"WebSite\",\"@id\":\"https:\\\/\\\/uniwater.com\\\/sv\\\/#website\",\"url\":\"https:\\\/\\\/uniwater.com\\\/sv\\\/\",\"name\":\"Uniwater\",\"description\":\"Framtidens VA-l\u00f6sningar\",\"publisher\":{\"@id\":\"https:\\\/\\\/uniwater.com\\\/sv\\\/#organization\"},\"potentialAction\":[{\"@type\":\"SearchAction\",\"target\":{\"@type\":\"EntryPoint\",\"urlTemplate\":\"https:\\\/\\\/uniwater.com\\\/sv\\\/?s={search_term_string}\"},\"query-input\":{\"@type\":\"PropertyValueSpecification\",\"valueRequired\":true,\"valueName\":\"search_term_string\"}}],\"inLanguage\":\"sv-SE\"},{\"@type\":\"Organization\",\"@id\":\"https:\\\/\\\/uniwater.com\\\/sv\\\/#organization\",\"name\":\"Uniwater\",\"alternateName\":\"Uniwater AB\",\"url\":\"https:\\\/\\\/uniwater.com\\\/sv\\\/\",\"logo\":{\"@type\":\"ImageObject\",\"inLanguage\":\"sv-SE\",\"@id\":\"https:\\\/\\\/uniwater.com\\\/sv\\\/#\\\/schema\\\/logo\\\/image\\\/\",\"url\":\"https:\\\/\\\/uniwater.com\\\/wp-content\\\/uploads\\\/2024\\\/08\\\/Uniwater_Logo_RGB.png\",\"contentUrl\":\"https:\\\/\\\/uniwater.com\\\/wp-content\\\/uploads\\\/2024\\\/08\\\/Uniwater_Logo_RGB.png\",\"width\":851,\"height\":851,\"caption\":\"Uniwater\"},\"image\":{\"@id\":\"https:\\\/\\\/uniwater.com\\\/sv\\\/#\\\/schema\\\/logo\\\/image\\\/\"},\"sameAs\":[\"https:\\\/\\\/www.instagram.com\\\/uniwater_group\\\/\",\"https:\\\/\\\/www.linkedin.com\\\/company\\\/uniwaterab\\\/\"]}]}<\/script>\n<!-- \/ Yoast SEO plugin. -->","yoast_head_json":{"title":"Samh\u00e4llet - Uniwater","robots":{"index":"index","follow":"follow","max-snippet":"max-snippet:-1","max-image-preview":"max-image-preview:large","max-video-preview":"max-video-preview:-1"},"canonical":"https:\/\/uniwater.com\/sv\/samhallet\/","og_locale":"sv_SE","og_type":"article","og_title":"Samh\u00e4llet - Uniwater","og_description":"Vattnets v\u00e4g Vi dricker samma vatten som dinosaurierna drack och som kommande generationer ska dricka. Jordens vatten f\u00f6rbrukas inte. Det anv\u00e4nds och \u00e5terf\u00f6rs i ett evigt kretslopp.V\u00e5rt dricksvatten h\u00e4mtas fr\u00e5n vattent\u00e4kter. D\u00e4refter renas det i vattenverk och levereras som dricksvatten via ledningsn\u00e4t \u00e4nda fram till kranen. Det anv\u00e4nda dricksvattnet rinner sedan ut i avloppet via [&hellip;]","og_url":"https:\/\/uniwater.com\/sv\/samhallet\/","og_site_name":"Uniwater","article_modified_time":"2024-09-20T12:56:41+00:00","twitter_card":"summary_large_image","schema":{"@context":"https:\/\/schema.org","@graph":[{"@type":"WebPage","@id":"https:\/\/uniwater.com\/sv\/samhallet\/","url":"https:\/\/uniwater.com\/sv\/samhallet\/","name":"Samh\u00e4llet - Uniwater","isPartOf":{"@id":"https:\/\/uniwater.com\/sv\/#website"},"datePublished":"2021-10-21T14:27:13+00:00","dateModified":"2024-09-20T12:56:41+00:00","breadcrumb":{"@id":"https:\/\/uniwater.com\/sv\/samhallet\/#breadcrumb"},"inLanguage":"sv-SE","potentialAction":[{"@type":"ReadAction","target":["https:\/\/uniwater.com\/sv\/samhallet\/"]}]},{"@type":"BreadcrumbList","@id":"https:\/\/uniwater.com\/sv\/samhallet\/#breadcrumb","itemListElement":[{"@type":"ListItem","position":1,"name":"Hem","item":"https:\/\/uniwater.com\/sv\/"},{"@type":"ListItem","position":2,"name":"Samh\u00e4llet"}]},{"@type":"WebSite","@id":"https:\/\/uniwater.com\/sv\/#website","url":"https:\/\/uniwater.com\/sv\/","name":"Uniwater","description":"Framtidens VA-l\u00f6sningar","publisher":{"@id":"https:\/\/uniwater.com\/sv\/#organization"},"potentialAction":[{"@type":"SearchAction","target":{"@type":"EntryPoint","urlTemplate":"https:\/\/uniwater.com\/sv\/?s={search_term_string}"},"query-input":{"@type":"PropertyValueSpecification","valueRequired":true,"valueName":"search_term_string"}}],"inLanguage":"sv-SE"},{"@type":"Organization","@id":"https:\/\/uniwater.com\/sv\/#organization","name":"Uniwater","alternateName":"Uniwater AB","url":"https:\/\/uniwater.com\/sv\/","logo":{"@type":"ImageObject","inLanguage":"sv-SE","@id":"https:\/\/uniwater.com\/sv\/#\/schema\/logo\/image\/","url":"https:\/\/uniwater.com\/wp-content\/uploads\/2024\/08\/Uniwater_Logo_RGB.png","contentUrl":"https:\/\/uniwater.com\/wp-content\/uploads\/2024\/08\/Uniwater_Logo_RGB.png","width":851,"height":851,"caption":"Uniwater"},"image":{"@id":"https:\/\/uniwater.com\/sv\/#\/schema\/logo\/image\/"},"sameAs":["https:\/\/www.instagram.com\/uniwater_group\/","https:\/\/www.linkedin.com\/company\/uniwaterab\/"]}]}},"_links":{"self":[{"href":"https:\/\/uniwater.com\/sv\/wp-json\/wp\/v2\/pages\/1032","targetHints":{"allow":["GET"]}}],"collection":[{"href":"https:\/\/uniwater.com\/sv\/wp-json\/wp\/v2\/pages"}],"about":[{"href":"https:\/\/uniwater.com\/sv\/wp-json\/wp\/v2\/types\/page"}],"author":[{"embeddable":true,"href":"https:\/\/uniwater.com\/sv\/wp-json\/wp\/v2\/users\/1"}],"replies":[{"embeddable":true,"href":"https:\/\/uniwater.com\/sv\/wp-json\/wp\/v2\/comments?post=1032"}],"version-history":[{"count":5,"href":"https:\/\/uniwater.com\/sv\/wp-json\/wp\/v2\/pages\/1032\/revisions"}],"predecessor-version":[{"id":4893,"href":"https:\/\/uniwater.com\/sv\/wp-json\/wp\/v2\/pages\/1032\/revisions\/4893"}],"wp:attachment":[{"href":"https:\/\/uniwater.com\/sv\/wp-json\/wp\/v2\/media?parent=1032"}],"curies":[{"name":"wp","href":"https:\/\/api.w.org\/{rel}","templated":true}]}}