{"id":1097,"date":"2021-10-29T09:44:15","date_gmt":"2021-10-29T07:44:15","guid":{"rendered":"https:\/\/uniwater.se\/?page_id=1097"},"modified":"2025-12-11T16:53:14","modified_gmt":"2025-12-11T15:53:14","slug":"visselblasning","status":"publish","type":"page","link":"https:\/\/uniwater.com\/sv\/hallbarhet\/visselblasning\/","title":{"rendered":"Visselbl\u00e5sning"},"content":{"rendered":"<p>[et_pb_section fb_built=&#8221;1&#8243; fullwidth=&#8221;on&#8221; module_class=&#8221;section-full-width-header&#8221; _builder_version=&#8221;4.16&#8243; _module_preset=&#8221;default&#8221; global_colors_info=&#8221;{}&#8221;][et_pb_fullwidth_header title=&#8221;Visselbl\u00e5sning&#8221; _builder_version=&#8221;4.16&#8243; _module_preset=&#8221;default&#8221; background_enable_color=&#8221;off&#8221; use_background_color_gradient=&#8221;on&#8221; background_color_gradient_stops=&#8221;rgba(0,0,0,0.2) 0%|rgba(0,0,0,0.2) 100%&#8221; background_color_gradient_overlays_image=&#8221;on&#8221; background_color_gradient_start=&#8221;rgba(0,0,0,0.2)&#8221; background_color_gradient_end=&#8221;rgba(0,0,0,0.2)&#8221; background_image=&#8221;https:\/\/uniwater.com\/wp-content\/uploads\/2022\/01\/uniwater-visselblasning-scaled.jpg&#8221; custom_padding=&#8221;250px||250px||true|false&#8221; background_last_edited=&#8221;on|desktop&#8221; custom_css_header_container=&#8221;max-width: 500px;&#8221; custom_css_title=&#8221;max-width: 500px;&#8221; custom_css_content=&#8221;max-width: 500px;&#8221; global_colors_info=&#8221;{}&#8221;][\/et_pb_fullwidth_header][\/et_pb_section][et_pb_section fb_built=&#8221;1&#8243; _builder_version=&#8221;4.16&#8243; _module_preset=&#8221;default&#8221; background_color=&#8221;#f5f5f5&#8243; global_colors_info=&#8221;{}&#8221;][et_pb_row column_structure=&#8221;1_2,1_2&#8243; _builder_version=&#8221;4.16&#8243; _module_preset=&#8221;default&#8221; custom_margin=&#8221;||50px||false|false&#8221; global_colors_info=&#8221;{}&#8221;][et_pb_column type=&#8221;1_2&#8243; _builder_version=&#8221;4.16&#8243; _module_preset=&#8221;default&#8221; global_colors_info=&#8221;{}&#8221;][et_pb_text _builder_version=&#8221;4.16&#8243; _module_preset=&#8221;default&#8221; global_colors_info=&#8221;{}&#8221;]<\/p>\n<h2>Vi vill g\u00f6ra r\u00e4tt<\/h2>\n<h2>\u2013 v\u00e5r visselbl\u00e5sartj\u00e4nst<\/h2>\n<p>[\/et_pb_text][\/et_pb_column][et_pb_column type=&#8221;1_2&#8243; _builder_version=&#8221;4.16&#8243; _module_preset=&#8221;default&#8221; global_colors_info=&#8221;{}&#8221;][et_pb_text module_class=&#8221;preamble&#8221; _builder_version=&#8221;4.27.0&#8243; _module_preset=&#8221;default&#8221; global_colors_info=&#8221;{}&#8221;]<\/p>\n<p>V\u00e5r visselbl\u00e5sartj\u00e4nst \u00e4r en kanal f\u00f6r att sl\u00e5 larm om oegentligheter som p\u00e5verkar m\u00e4nniskor, v\u00e5r organisation, samh\u00e4llet eller milj\u00f6n. Vi vill ta ansvar mot oetiskt beteende och genom tj\u00e4nsten minskar vi risken f\u00f6r att missf\u00f6rh\u00e5llanden ska uppst\u00e5.\u00a0<\/p>\n<p>[\/et_pb_text][\/et_pb_column][\/et_pb_row][\/et_pb_section][et_pb_section fb_built=&#8221;1&#8243; module_class=&#8221;section-5050&#8243; _builder_version=&#8221;4.16&#8243; _module_preset=&#8221;default&#8221; background_enable_color=&#8221;off&#8221; global_colors_info=&#8221;{}&#8221;][et_pb_row make_equal=&#8221;on&#8221; _builder_version=&#8221;4.16&#8243; _module_preset=&#8221;default&#8221; custom_padding=&#8221;5px|||||&#8221; global_colors_info=&#8221;{}&#8221;][et_pb_column type=&#8221;4_4&#8243; _builder_version=&#8221;4.16&#8243; _module_preset=&#8221;default&#8221; global_colors_info=&#8221;{}&#8221;][et_pb_cta title=&#8221;Visselbl\u00e5sning&#8221; button_url=&#8221;https:\/\/uniwater.com\/project\/vi-arbetar-for-en-saker-arbetsmiljo\/&#8221; url_new_window=&#8221;on&#8221; module_class=&#8221;wide&#8221; _builder_version=&#8221;4.27.0&#8243; _module_preset=&#8221;default&#8221; header_level=&#8221;h3&#8243; use_background_color=&#8221;off&#8221; text_orientation=&#8221;left&#8221; background_layout=&#8221;light&#8221; global_colors_info=&#8221;{}&#8221;]<\/p>\n<p>Vi erbjuder en s\u00e4ker kanal f\u00f6r anonym rapportering och dialog. Denna tj\u00e4nst <span>tillhandah\u00e5lls av KPMG. Syftet \u00e4r att m\u00f6jligg\u00f6ra \u00f6kad trygghet f\u00f6r den som i ett arbetsrelaterat sammanhang rapporterar information om missf\u00f6rh\u00e5llanden, som det finns ett allm\u00e4nintresse av att det kommer fram. Som rapport\u00f6r beh\u00f6ver du inte ha bevis f\u00f6r din misstanke, men alla meddelanden ska l\u00e4mnas i god tro.\u00a0<\/span><\/p>\n<h4>Visselbl\u00e5sarkanal f\u00f6r anonym rapportering och fortsatt dialog:<\/h4>\n<p><a originalsrc=\"https:\/\/wbreport.kpmg.se\/cb5af076-4688-48a6-a53e-015d67306800\" data-auth=\"NotApplicable\" href=\"https:\/\/eur01.safelinks.protection.outlook.com\/?url=https%3A%2F%2Fwbreport.kpmg.se%2Fcb5af076-4688-48a6-a53e-015d67306800&amp;data=05%7C02%7Ccarolina.jaworski%40uniwater.se%7Cbffbc6f4ef8f426592cb08de38ca6d89%7Cc1edb1e9b0d14e0d94d36fca9b92918c%7C0%7C0%7C639010639309176839%7CUnknown%7CTWFpbGZsb3d8eyJFbXB0eU1hcGkiOnRydWUsIlYiOiIwLjAuMDAwMCIsIlAiOiJXaW4zMiIsIkFOIjoiTWFpbCIsIldUIjoyfQ%3D%3D%7C0%7C%7C%7C&amp;sdata=GKVsoRmLfSgG0FlMCc7mGg80nde5DFKCnnoB0Ugq4R4%3D&amp;reserved=0\" data-linkindex=\"2\" title=\"Ursprunglig URL: https:\/\/wbreport.kpmg.se\/cb5af076-4688-48a6-a53e-015d67306800. Klicka eller tryck om du har f\u00f6rtroende f\u00f6r den h\u00e4r l\u00e4nken.\" data-olk-copy-source=\"MessageBody\">https:\/\/wbreport.kpmg.se\/cb5af076-4688-48a6-a53e-015d67306800<\/a><\/p>\n<p class=\"p1\">Du n\u00e5r rapporteringskanalen via dator, l\u00e4splatta och mobil.\u00a0<\/p>\n<p>[\/et_pb_cta][\/et_pb_column][\/et_pb_row][\/et_pb_section]<\/p>\n","protected":false},"excerpt":{"rendered":"<p>Vi vill g\u00f6ra r\u00e4tt \u2013 v\u00e5r visselbl\u00e5sartj\u00e4nstV\u00e5r visselbl\u00e5sartj\u00e4nst \u00e4r en kanal f\u00f6r att sl\u00e5 larm om oegentligheter som p\u00e5verkar m\u00e4nniskor, v\u00e5r organisation, samh\u00e4llet eller milj\u00f6n. Vi vill ta ansvar mot oetiskt beteende och genom tj\u00e4nsten minskar vi risken f\u00f6r att missf\u00f6rh\u00e5llanden ska uppst\u00e5.\u00a0Vi erbjuder en s\u00e4ker kanal f\u00f6r anonym rapportering och dialog. Denna tj\u00e4nst tillhandah\u00e5lls [&hellip;]<\/p>\n","protected":false},"author":7,"featured_media":0,"parent":1018,"menu_order":0,"comment_status":"closed","ping_status":"closed","template":"","meta":{"_acf_changed":false,"_et_pb_use_builder":"on","_et_pb_old_content":"<!-- wp:paragraph -->\n<p>Alla medarbetare i alla portf\u00f6ljbolag ska ha m\u00f6jlighet och k\u00e4nna sig bekv\u00e4ma att kontakta en chef i sin organisation som ett f\u00f6rsta steg. Om \u00f6vertr\u00e4delser av denna policy har bevittnats eller misst\u00e4nks kan detta rapporteras. Det kan g\u00f6ras muntligen direkt till n\u00e4rmaste chef eller via e-post till <a href=\"mailto:codeofconduct@Uniwater.se\" target=\"_blank\" rel=\"noreferrer noopener\">codeofconduct@Uniwater.se<\/a><\/p>\n<!-- \/wp:paragraph -->\n\n<!-- wp:paragraph -->\n<p>All rapportering kommer att hanteras konfidentiellt och i enlighet med till\u00e4mpliga lagar och f\u00f6rordningar. Uniwater ser allvarligt p\u00e5 \u00f6vertr\u00e4delser. Vi har en verksamhet som ska pr\u00e4glas av h\u00f6g aff\u00e4rsetik och moral.&nbsp; Uniwater str\u00e4var efter att erbjuda ett st\u00f6djande klimat d\u00e4r medarbetarna ska k\u00e4nna att de i f\u00f6rtroende kan rapportera fall av misst\u00e4nkta \u00f6vertr\u00e4delser.<\/p>\n<!-- \/wp:paragraph -->\n\n<!-- wp:paragraph -->\n<p>Det kan dock finnas situationer d\u00e4r intern och direkt hantering av ett problem i ett specifikt bolag inte k\u00e4nns bekv\u00e4m eller ens \u00e4r m\u00f6jlig. Detta kan vara oro eller misstankar relaterade till VD, styrelsemedlem eller en f\u00f6retagsrepresentant fr\u00e5n v\u00e5ra \u00e4gare, Nalka Invest etc.<\/p>\n<!-- \/wp:paragraph -->\n\n<!-- wp:paragraph -->\n<p>&nbsp;F\u00f6r dessa situationer finns Nalka Invest WhistleB-kanal, en s\u00e4ker kanal f\u00f6r rapportering och dialog.<\/p>\n<!-- \/wp:paragraph -->\n\n<!-- wp:paragraph -->\n<p>Denna tj\u00e4nst hanteras av tredje part, WhistleB<\/p>\n<!-- \/wp:paragraph -->\n\n<!-- wp:paragraph -->\n<p><em>L\u00e4nk kommer<\/em><\/p>\n<!-- \/wp:paragraph -->\n\n<!-- wp:paragraph -->\n<p>Genom denna kanal kan medarbetare i Nalkas portf\u00f6ljbolag konfidentiellt kommunicera oro och misstankar kring oegentligheter, direkt till Nalka utan k\u00e4nnedom om portf\u00f6ljbolagets VD eller styrelse.<\/p>\n<!-- \/wp:paragraph -->","_et_gb_content_width":"","footnotes":""},"class_list":["post-1097","page","type-page","status-publish","hentry"],"acf":[],"yoast_head":"<!-- This site is optimized with the Yoast SEO plugin v27.5 - https:\/\/yoast.com\/product\/yoast-seo-wordpress\/ -->\n<title>Visselbl\u00e5sning - Uniwater<\/title>\n<meta name=\"robots\" content=\"index, follow, max-snippet:-1, max-image-preview:large, max-video-preview:-1\" \/>\n<link rel=\"canonical\" href=\"https:\/\/uniwater.com\/sv\/hallbarhet\/visselblasning\/\" \/>\n<meta property=\"og:locale\" content=\"sv_SE\" \/>\n<meta property=\"og:type\" content=\"article\" \/>\n<meta property=\"og:title\" content=\"Visselbl\u00e5sning - Uniwater\" \/>\n<meta property=\"og:description\" content=\"Vi vill g\u00f6ra r\u00e4tt \u2013 v\u00e5r visselbl\u00e5sartj\u00e4nstV\u00e5r visselbl\u00e5sartj\u00e4nst \u00e4r en kanal f\u00f6r att sl\u00e5 larm om oegentligheter som p\u00e5verkar m\u00e4nniskor, v\u00e5r organisation, samh\u00e4llet eller milj\u00f6n. Vi vill ta ansvar mot oetiskt beteende och genom tj\u00e4nsten minskar vi risken f\u00f6r att missf\u00f6rh\u00e5llanden ska uppst\u00e5.\u00a0Vi erbjuder en s\u00e4ker kanal f\u00f6r anonym rapportering och dialog. Denna tj\u00e4nst tillhandah\u00e5lls [&hellip;]\" \/>\n<meta property=\"og:url\" content=\"https:\/\/uniwater.com\/sv\/hallbarhet\/visselblasning\/\" \/>\n<meta property=\"og:site_name\" content=\"Uniwater\" \/>\n<meta property=\"article:modified_time\" content=\"2025-12-11T15:53:14+00:00\" \/>\n<meta name=\"twitter:card\" content=\"summary_large_image\" \/>\n<meta name=\"twitter:label1\" content=\"Ber\u00e4knad l\u00e4stid\" \/>\n\t<meta name=\"twitter:data1\" content=\"1 minut\" \/>\n<script type=\"application\/ld+json\" class=\"yoast-schema-graph\">{\"@context\":\"https:\\\/\\\/schema.org\",\"@graph\":[{\"@type\":\"WebPage\",\"@id\":\"https:\\\/\\\/uniwater.com\\\/sv\\\/hallbarhet\\\/visselblasning\\\/\",\"url\":\"https:\\\/\\\/uniwater.com\\\/sv\\\/hallbarhet\\\/visselblasning\\\/\",\"name\":\"Visselbl\u00e5sning - Uniwater\",\"isPartOf\":{\"@id\":\"https:\\\/\\\/uniwater.com\\\/sv\\\/#website\"},\"datePublished\":\"2021-10-29T07:44:15+00:00\",\"dateModified\":\"2025-12-11T15:53:14+00:00\",\"breadcrumb\":{\"@id\":\"https:\\\/\\\/uniwater.com\\\/sv\\\/hallbarhet\\\/visselblasning\\\/#breadcrumb\"},\"inLanguage\":\"sv-SE\",\"potentialAction\":[{\"@type\":\"ReadAction\",\"target\":[\"https:\\\/\\\/uniwater.com\\\/sv\\\/hallbarhet\\\/visselblasning\\\/\"]}]},{\"@type\":\"BreadcrumbList\",\"@id\":\"https:\\\/\\\/uniwater.com\\\/sv\\\/hallbarhet\\\/visselblasning\\\/#breadcrumb\",\"itemListElement\":[{\"@type\":\"ListItem\",\"position\":1,\"name\":\"Hem\",\"item\":\"https:\\\/\\\/uniwater.com\\\/sv\\\/\"},{\"@type\":\"ListItem\",\"position\":2,\"name\":\"H\u00e5llbarhet\",\"item\":\"https:\\\/\\\/uniwater.com\\\/sv\\\/hallbarhet\\\/\"},{\"@type\":\"ListItem\",\"position\":3,\"name\":\"Visselbl\u00e5sning\"}]},{\"@type\":\"WebSite\",\"@id\":\"https:\\\/\\\/uniwater.com\\\/sv\\\/#website\",\"url\":\"https:\\\/\\\/uniwater.com\\\/sv\\\/\",\"name\":\"Uniwater\",\"description\":\"Framtidens VA-l\u00f6sningar\",\"publisher\":{\"@id\":\"https:\\\/\\\/uniwater.com\\\/sv\\\/#organization\"},\"potentialAction\":[{\"@type\":\"SearchAction\",\"target\":{\"@type\":\"EntryPoint\",\"urlTemplate\":\"https:\\\/\\\/uniwater.com\\\/sv\\\/?s={search_term_string}\"},\"query-input\":{\"@type\":\"PropertyValueSpecification\",\"valueRequired\":true,\"valueName\":\"search_term_string\"}}],\"inLanguage\":\"sv-SE\"},{\"@type\":\"Organization\",\"@id\":\"https:\\\/\\\/uniwater.com\\\/sv\\\/#organization\",\"name\":\"Uniwater\",\"alternateName\":\"Uniwater AB\",\"url\":\"https:\\\/\\\/uniwater.com\\\/sv\\\/\",\"logo\":{\"@type\":\"ImageObject\",\"inLanguage\":\"sv-SE\",\"@id\":\"https:\\\/\\\/uniwater.com\\\/sv\\\/#\\\/schema\\\/logo\\\/image\\\/\",\"url\":\"https:\\\/\\\/uniwater.com\\\/wp-content\\\/uploads\\\/2024\\\/08\\\/Uniwater_Logo_RGB.png\",\"contentUrl\":\"https:\\\/\\\/uniwater.com\\\/wp-content\\\/uploads\\\/2024\\\/08\\\/Uniwater_Logo_RGB.png\",\"width\":851,\"height\":851,\"caption\":\"Uniwater\"},\"image\":{\"@id\":\"https:\\\/\\\/uniwater.com\\\/sv\\\/#\\\/schema\\\/logo\\\/image\\\/\"},\"sameAs\":[\"https:\\\/\\\/www.instagram.com\\\/uniwater_group\\\/\",\"https:\\\/\\\/www.linkedin.com\\\/company\\\/uniwaterab\\\/\"]}]}<\/script>\n<!-- \/ Yoast SEO plugin. -->","yoast_head_json":{"title":"Visselbl\u00e5sning - Uniwater","robots":{"index":"index","follow":"follow","max-snippet":"max-snippet:-1","max-image-preview":"max-image-preview:large","max-video-preview":"max-video-preview:-1"},"canonical":"https:\/\/uniwater.com\/sv\/hallbarhet\/visselblasning\/","og_locale":"sv_SE","og_type":"article","og_title":"Visselbl\u00e5sning - Uniwater","og_description":"Vi vill g\u00f6ra r\u00e4tt \u2013 v\u00e5r visselbl\u00e5sartj\u00e4nstV\u00e5r visselbl\u00e5sartj\u00e4nst \u00e4r en kanal f\u00f6r att sl\u00e5 larm om oegentligheter som p\u00e5verkar m\u00e4nniskor, v\u00e5r organisation, samh\u00e4llet eller milj\u00f6n. Vi vill ta ansvar mot oetiskt beteende och genom tj\u00e4nsten minskar vi risken f\u00f6r att missf\u00f6rh\u00e5llanden ska uppst\u00e5.\u00a0Vi erbjuder en s\u00e4ker kanal f\u00f6r anonym rapportering och dialog. Denna tj\u00e4nst tillhandah\u00e5lls [&hellip;]","og_url":"https:\/\/uniwater.com\/sv\/hallbarhet\/visselblasning\/","og_site_name":"Uniwater","article_modified_time":"2025-12-11T15:53:14+00:00","twitter_card":"summary_large_image","twitter_misc":{"Ber\u00e4knad l\u00e4stid":"1 minut"},"schema":{"@context":"https:\/\/schema.org","@graph":[{"@type":"WebPage","@id":"https:\/\/uniwater.com\/sv\/hallbarhet\/visselblasning\/","url":"https:\/\/uniwater.com\/sv\/hallbarhet\/visselblasning\/","name":"Visselbl\u00e5sning - Uniwater","isPartOf":{"@id":"https:\/\/uniwater.com\/sv\/#website"},"datePublished":"2021-10-29T07:44:15+00:00","dateModified":"2025-12-11T15:53:14+00:00","breadcrumb":{"@id":"https:\/\/uniwater.com\/sv\/hallbarhet\/visselblasning\/#breadcrumb"},"inLanguage":"sv-SE","potentialAction":[{"@type":"ReadAction","target":["https:\/\/uniwater.com\/sv\/hallbarhet\/visselblasning\/"]}]},{"@type":"BreadcrumbList","@id":"https:\/\/uniwater.com\/sv\/hallbarhet\/visselblasning\/#breadcrumb","itemListElement":[{"@type":"ListItem","position":1,"name":"Hem","item":"https:\/\/uniwater.com\/sv\/"},{"@type":"ListItem","position":2,"name":"H\u00e5llbarhet","item":"https:\/\/uniwater.com\/sv\/hallbarhet\/"},{"@type":"ListItem","position":3,"name":"Visselbl\u00e5sning"}]},{"@type":"WebSite","@id":"https:\/\/uniwater.com\/sv\/#website","url":"https:\/\/uniwater.com\/sv\/","name":"Uniwater","description":"Framtidens VA-l\u00f6sningar","publisher":{"@id":"https:\/\/uniwater.com\/sv\/#organization"},"potentialAction":[{"@type":"SearchAction","target":{"@type":"EntryPoint","urlTemplate":"https:\/\/uniwater.com\/sv\/?s={search_term_string}"},"query-input":{"@type":"PropertyValueSpecification","valueRequired":true,"valueName":"search_term_string"}}],"inLanguage":"sv-SE"},{"@type":"Organization","@id":"https:\/\/uniwater.com\/sv\/#organization","name":"Uniwater","alternateName":"Uniwater AB","url":"https:\/\/uniwater.com\/sv\/","logo":{"@type":"ImageObject","inLanguage":"sv-SE","@id":"https:\/\/uniwater.com\/sv\/#\/schema\/logo\/image\/","url":"https:\/\/uniwater.com\/wp-content\/uploads\/2024\/08\/Uniwater_Logo_RGB.png","contentUrl":"https:\/\/uniwater.com\/wp-content\/uploads\/2024\/08\/Uniwater_Logo_RGB.png","width":851,"height":851,"caption":"Uniwater"},"image":{"@id":"https:\/\/uniwater.com\/sv\/#\/schema\/logo\/image\/"},"sameAs":["https:\/\/www.instagram.com\/uniwater_group\/","https:\/\/www.linkedin.com\/company\/uniwaterab\/"]}]}},"_links":{"self":[{"href":"https:\/\/uniwater.com\/sv\/wp-json\/wp\/v2\/pages\/1097","targetHints":{"allow":["GET"]}}],"collection":[{"href":"https:\/\/uniwater.com\/sv\/wp-json\/wp\/v2\/pages"}],"about":[{"href":"https:\/\/uniwater.com\/sv\/wp-json\/wp\/v2\/types\/page"}],"author":[{"embeddable":true,"href":"https:\/\/uniwater.com\/sv\/wp-json\/wp\/v2\/users\/7"}],"replies":[{"embeddable":true,"href":"https:\/\/uniwater.com\/sv\/wp-json\/wp\/v2\/comments?post=1097"}],"version-history":[{"count":14,"href":"https:\/\/uniwater.com\/sv\/wp-json\/wp\/v2\/pages\/1097\/revisions"}],"predecessor-version":[{"id":6635,"href":"https:\/\/uniwater.com\/sv\/wp-json\/wp\/v2\/pages\/1097\/revisions\/6635"}],"up":[{"embeddable":true,"href":"https:\/\/uniwater.com\/sv\/wp-json\/wp\/v2\/pages\/1018"}],"wp:attachment":[{"href":"https:\/\/uniwater.com\/sv\/wp-json\/wp\/v2\/media?parent=1097"}],"curies":[{"name":"wp","href":"https:\/\/api.w.org\/{rel}","templated":true}]}}