{"id":3,"date":"2021-08-09T12:22:09","date_gmt":"2021-08-09T10:22:09","guid":{"rendered":"http:\/\/uniwater.se.loopiadns.com\/?page_id=3"},"modified":"2024-05-14T14:11:48","modified_gmt":"2024-05-14T12:11:48","slug":"integritetspolicy","status":"publish","type":"page","link":"https:\/\/uniwater.com\/sv\/integritetspolicy\/","title":{"rendered":"Integritetspolicy"},"content":{"rendered":"<p>[et_pb_section fb_built=&#8221;1&#8243; fullwidth=&#8221;on&#8221; module_class=&#8221;section-full-width-header&#8221; _builder_version=&#8221;4.16&#8243; _module_preset=&#8221;default&#8221; background_video_mp4=&#8221;https:\/\/uniwater.com\/wp-content\/uploads\/2021\/09\/langre-klipp-2-1400x881_KWzMJEOV.mp4&#8243; saved_tabs=&#8221;all&#8221; global_colors_info=&#8221;{}&#8221;][et_pb_fullwidth_header title=&#8221;Integritetspolicy&#8221; _builder_version=&#8221;4.25.1&#8243; _module_preset=&#8221;default&#8221; background_enable_color=&#8221;off&#8221; use_background_color_gradient=&#8221;on&#8221; background_color_gradient_direction=&#8221;297deg&#8221; background_color_gradient_stops=&#8221;rgba(0,0,0,0.34) 100%|rgba(0,0,0,0.2) 100%&#8221; background_color_gradient_overlays_image=&#8221;on&#8221; background_color_gradient_start=&#8221;rgba(0,0,0,0.34)&#8221; background_color_gradient_start_position=&#8221;100%&#8221; background_color_gradient_end=&#8221;rgba(0,0,0,0.2)&#8221; background_enable_image=&#8221;off&#8221; background_enable_video_mp4=&#8221;off&#8221; custom_padding=&#8221;250px||250px||true|false&#8221; custom_css_header_container=&#8221;max-width: 500px;&#8221; custom_css_title=&#8221;max-width: 500px;&#8221; custom_css_content=&#8221;max-width: 500px;&#8221; global_colors_info=&#8221;{}&#8221;][\/et_pb_fullwidth_header][\/et_pb_section][et_pb_section fb_built=&#8221;1&#8243; _builder_version=&#8221;4.16&#8243; _module_preset=&#8221;default&#8221; background_color=&#8221;#f5f5f5&#8243; global_colors_info=&#8221;{}&#8221;][et_pb_row column_structure=&#8221;1_2,1_2&#8243; _builder_version=&#8221;4.16&#8243; _module_preset=&#8221;default&#8221; custom_margin=&#8221;||50px||false|false&#8221; global_colors_info=&#8221;{}&#8221;][et_pb_column type=&#8221;1_2&#8243; _builder_version=&#8221;4.16&#8243; _module_preset=&#8221;default&#8221; global_colors_info=&#8221;{}&#8221;][et_pb_text _builder_version=&#8221;4.25.1&#8243; _module_preset=&#8221;default&#8221; global_colors_info=&#8221;{}&#8221;]<\/p>\n<h2>Vi v\u00e4rnar om din integritet<\/h2>\n<p>[\/et_pb_text][\/et_pb_column][et_pb_column type=&#8221;1_2&#8243; _builder_version=&#8221;4.16&#8243; _module_preset=&#8221;default&#8221; global_colors_info=&#8221;{}&#8221;][et_pb_text module_class=&#8221;preamble&#8221; _builder_version=&#8221;4.25.1&#8243; _module_preset=&#8221;default&#8221; global_colors_info=&#8221;{}&#8221;]<\/p>\n<p>Vi anv\u00e4nder cookies av tekniska sk\u00e4l, f\u00f6r att underl\u00e4tta anv\u00e4ndningen av v\u00e5ra tj\u00e4nster och f\u00f6r att ge dig som anv\u00e4ndare relevant information n\u00e4r du bes\u00f6ker v\u00e5r webbplats. Cookies anv\u00e4nds \u00e4ven f\u00f6r att m\u00e4ta trafiken p\u00e5 v\u00e5r webbplats, f\u00f6r insamling av statistik och f\u00f6r att f\u00f6rb\u00e4ttra v\u00e5ra tj\u00e4nster s\u00e5som inloggning och s\u00f6kningar.<\/p>\n<p>Genom att anv\u00e4nda v\u00e5ra tj\u00e4nster godk\u00e4nner du att vi anv\u00e4nder cookies, s\u00e5vida du inte har inaktiverat dessa genom att \u00e4ndra inst\u00e4llningarna f\u00f6r cookies i din webbl\u00e4sare.<\/p>\n<p>[\/et_pb_text][\/et_pb_column][\/et_pb_row][\/et_pb_section][et_pb_section fb_built=&#8221;1&#8243; admin_label=&#8221;section&#8221; _builder_version=&#8221;4.16&#8243; global_colors_info=&#8221;{}&#8221;][et_pb_row admin_label=&#8221;row&#8221; _builder_version=&#8221;4.16&#8243; background_size=&#8221;initial&#8221; background_position=&#8221;top_left&#8221; background_repeat=&#8221;repeat&#8221; global_colors_info=&#8221;{}&#8221;][et_pb_column type=&#8221;4_4&#8243; _builder_version=&#8221;4.16&#8243; custom_padding=&#8221;|||&#8221; global_colors_info=&#8221;{}&#8221; custom_padding__hover=&#8221;|||&#8221;][et_pb_text admin_label=&#8221;Text&#8221; _builder_version=&#8221;4.25.1&#8243; background_size=&#8221;initial&#8221; background_position=&#8221;top_left&#8221; background_repeat=&#8221;repeat&#8221; hover_enabled=&#8221;0&#8243; global_colors_info=&#8221;{}&#8221; sticky_enabled=&#8221;0&#8243; max_width=&#8221;700px&#8221;]<\/p>\n<h2 class=\"wp-block-heading\">Vad \u00e4r en cookie?<\/h2>\n<p>En cookie \u00e4r en liten textfil som lagras p\u00e5 din dator eller annat kommunikationsmedel och som inneh\u00e5ller information som g\u00f6r det m\u00f6jligt f\u00f6r webbplatsen att k\u00e4nna igen din dator. Cookien sparas i det kommunikationsmedel (exempelvis smartphone, l\u00e4splatta eller dator) som du anv\u00e4nder dig av f\u00f6r att webbplatsen ska kunna k\u00e4nna igen dig n\u00e4sta g\u00e5ng du bes\u00f6ker denna.<\/p>\n<p>Det finns tv\u00e5 typer av cookies, permanenta och tempor\u00e4ra (s.k. sessionscookies). Permanenta cookies lagras som en fil p\u00e5 din dator eller mobila enhet under en l\u00e4ngre period. Permanenta cookies sparas p\u00e5 din dator eller mobila enhet tills de antingen a) upph\u00f6r att g\u00e4lla, b) skrivs \u00f6ver av nya cookies, eller c) du manuellt tar bort dem. Sessionscookies placeras tempor\u00e4rt i din dator eller mobila enhet n\u00e4r du bes\u00f6ker en webbplats, men f\u00f6rsvinner n\u00e4r du st\u00e4nger ner sidan vilket inneb\u00e4r att de inte sparas permanent p\u00e5 din enhet.<\/p>\n<p>&nbsp;<\/p>\n<p><!-- \/divi:paragraph --><\/p>\n<p><!-- divi:heading --><\/p>\n<h2 class=\"wp-block-heading\">Hur vi anv\u00e4nder cookies<\/h2>\n<p>Vi anv\u00e4nder information fr\u00e5n cookies f\u00f6r att g\u00f6ra v\u00e5r webbplats mer anv\u00e4ndarv\u00e4nlig och f\u00f6r att g\u00f6ra det m\u00f6jligt f\u00f6r oss att tillhandah\u00e5lla ett anpassat inneh\u00e5ll. Vi anv\u00e4nder oss \u00e4ven av ett antal auktoriserade tredje parter som, i v\u00e5rt st\u00e4lle, s\u00e4tter ut cookies p\u00e5 v\u00e5r webbplats f\u00f6r att leverera tj\u00e4nster som de tillhandah\u00e5ller.<\/p>\n<p>Cookies kan bland annat inneh\u00e5lla anv\u00e4ndarinst\u00e4llningar, information om vilken typ av inneh\u00e5ll och vilka annonser som du har tagit del av p\u00e5 v\u00e5r webbplats. Information som lagras kan vara upplysningar om hur du har surfat p\u00e5 och anv\u00e4nt v\u00e5r webbplats, vilken webbl\u00e4sare du har anv\u00e4nt, vilka annonser du har sett och hur du har surfat mellan de olika webbplatserna som vi samarbetar med. Cookies fr\u00e5n externa leverant\u00f6rer kan s\u00e4ttas f\u00f6r att utf\u00f6ra m\u00e4tning av trafik, f\u00f6renkla annonshanteringen och f\u00f6r att f\u00f6rb\u00e4ttra webbplatsens funktionalitet. Vi kan ocks\u00e5 anv\u00e4nda cookies fr\u00e5n externa leverant\u00f6rer f\u00f6r att f\u00f6renkla bannerannonsering p\u00e5 externa partners. S\u00e5dana cookies sp\u00e5rar aktiviteten p\u00e5 v\u00e5r webbplats och anv\u00e4nds bland annat f\u00f6r att anpassa annonserbjudanden till dig.<\/p>\n<p>&nbsp;<\/p>\n<p><!-- \/divi:paragraph --><\/p>\n<p><!-- divi:heading --><\/p>\n<h2 class=\"wp-block-heading\">Hur v\u00e4ljer jag bort cookies?<\/h2>\n<p>Du kan sj\u00e4lv v\u00e4lja om du vill acceptera att ta emot cookies eller inte. Genom att det kommunikationsmedel som du anv\u00e4nder dig av \u00e4r inst\u00e4llt p\u00e5 s\u00e5dant s\u00e4tt att cookies till\u00e5ts samtycker du till att ta emot cookies fr\u00e5n v\u00e5r webbplats.<\/p>\n<p>Du har m\u00f6jlighet att st\u00e4lla in om du vill att cookies ska f\u00e5 sparas automatiskt i ditt kommunikationsmedel, om du vill tillfr\u00e5gas varje g\u00e5ng en cookie vill sparas eller om du inte vill att n\u00e5gra cookies ska sparas. Detta g\u00f6r du genom att \u00e4ndra inst\u00e4llningarna i din webbl\u00e4sare s\u00e5 att den inte l\u00e4ngre till\u00e5ter cookies. Hur du g\u00f6r detta beror p\u00e5 vilken typ av webbl\u00e4sare som du anv\u00e4nder dig av. Du beh\u00f6ver \u00e4ndra inst\u00e4llningarna i alla webbl\u00e4sare du anv\u00e4nder p\u00e5 alla dina enheter.<\/p>\n<p>F\u00f6r att ta bort cookies: se hj\u00e4lpdokumentationen f\u00f6r din aktuella webbl\u00e4sare:<\/p>\n<p><!-- \/divi:paragraph --><\/p>\n<p><!-- divi:list --><\/p>\n<ul>\n<ul><!-- divi:list-item --><\/p>\n<li><a href=\"https:\/\/support.google.com\/chrome\/answer\/95647?hl=en\" target=\"_blank\" rel=\"noreferrer noopener\"><strong>Google Chrome<\/strong><\/a><\/li>\n<\/ul>\n<\/ul>\n<p><!-- \/divi:list-item --> <!-- divi:list-item --><\/p>\n<ul>\n<ul>\n<li><a href=\"https:\/\/support.microsoft.com\/sv-se\/microsoft-edge\/ta-bort-cookies-i-microsoft-edge-63947406-40ac-c3b8-57b9-2a946a29ae09\" target=\"_blank\" rel=\"noreferrer noopener\"><strong>Edge<\/strong><\/a><\/li>\n<\/ul>\n<\/ul>\n<p><!-- \/divi:list-item --> <!-- divi:list-item --><\/p>\n<ul>\n<ul>\n<li><a href=\"https:\/\/support.mozilla.org\/en-US\/kb\/cookies-information-websites-store-on-your-computer\" target=\"_blank\" rel=\"noreferrer noopener\"><strong>Mozilla Firefox<\/strong><\/a><\/li>\n<\/ul>\n<\/ul>\n<p><!-- \/divi:list-item --> <!-- divi:list-item --><\/p>\n<ul>\n<ul>\n<li><a href=\"https:\/\/support.apple.com\/kb\/PH5042?locale=en_US\" target=\"_blank\" rel=\"noreferrer noopener\"><strong>Safari (dator)<\/strong><\/a><\/li>\n<\/ul>\n<\/ul>\n<p><!-- \/divi:list-item --> <!-- divi:list-item --><\/p>\n<ul>\n<ul>\n<li><a href=\"https:\/\/support.apple.com\/en-us\/HT201265\" target=\"_blank\" rel=\"noreferrer noopener\"><strong>Safari (mobil)<\/strong><\/a><\/li>\n<\/ul>\n<\/ul>\n<p><!-- \/divi:list-item --> <!-- divi:list-item --><\/p>\n<ul>\n<ul>\n<li><a href=\"http:\/\/support.google.com\/ics\/nexus\/bin\/answer.py?hl=en&amp;answer=2425067\" target=\"_blank\" rel=\"noreferrer noopener\"><strong>Webbl\u00e4sare Android<\/strong><\/a><\/li>\n<\/ul>\n<\/ul>\n<p><!-- \/divi:list-item --> <!-- divi:list-item --><\/p>\n<ul>\n<ul>\n<li><a href=\"http:\/\/www.opera.com\/help\" target=\"_blank\" rel=\"noreferrer noopener\"><strong>Opera<\/strong><\/a><\/li>\n<\/ul>\n<\/ul>\n<p><!-- \/divi:list-item --> <!-- divi:list-item --><\/p>\n<ul>\n<ul>\n<li><a href=\"http:\/\/www.opera.com\/help\/mobile\/android#privacy\" target=\"_blank\" rel=\"noreferrer noopener\"><strong>Opera (mobil)<\/strong><\/a><\/li>\n<\/ul>\n<\/ul>\n<p><!-- \/divi:list-item --><\/p>\n<p>&nbsp;<\/p>\n<p><!-- \/divi:list --><\/p>\n<p><!-- divi:heading --><\/p>\n<h2 class=\"wp-block-heading\">Begr\u00e4nsad funktionalitet<\/h2>\n<p>Observera att webbplatsens funktion kan bli begr\u00e4nsad om du v\u00e4ljer att inte acceptera cookies.<\/p>\n<p>&nbsp;<\/p>\n<p><!-- \/divi:paragraph --><\/p>\n<p>[\/et_pb_text][\/et_pb_column][\/et_pb_row][\/et_pb_section]<\/p>\n","protected":false},"excerpt":{"rendered":"<p>Vi v\u00e4rnar om din integritetVi anv\u00e4nder cookies av tekniska sk\u00e4l, f\u00f6r att underl\u00e4tta anv\u00e4ndningen av v\u00e5ra tj\u00e4nster och f\u00f6r att ge dig som anv\u00e4ndare relevant information n\u00e4r du bes\u00f6ker v\u00e5r webbplats. Cookies anv\u00e4nds \u00e4ven f\u00f6r att m\u00e4ta trafiken p\u00e5 v\u00e5r webbplats, f\u00f6r insamling av statistik och f\u00f6r att f\u00f6rb\u00e4ttra v\u00e5ra tj\u00e4nster s\u00e5som inloggning och s\u00f6kningar. [&hellip;]<\/p>\n","protected":false},"author":1,"featured_media":0,"parent":0,"menu_order":0,"comment_status":"closed","ping_status":"open","template":"","meta":{"_acf_changed":false,"_et_pb_use_builder":"on","_et_pb_old_content":"<!-- wp:paragraph -->\n<p>Vi anv\u00e4nder cookies av tekniska sk\u00e4l, f\u00f6r att underl\u00e4tta anv\u00e4ndningen av v\u00e5ra tj\u00e4nster och f\u00f6r att ge dig som anv\u00e4ndare relevant information n\u00e4r du bes\u00f6ker v\u00e5r webbplats. Cookies anv\u00e4nds \u00e4ven f\u00f6r att m\u00e4ta trafiken p\u00e5 v\u00e5r webbplats, f\u00f6r insamling av statistik och f\u00f6r att f\u00f6rb\u00e4ttra v\u00e5ra tj\u00e4nster s\u00e5som inloggning och s\u00f6kningar.<\/p>\n<!-- \/wp:paragraph -->\n\n<!-- wp:paragraph -->\n<p>Genom att anv\u00e4nda v\u00e5ra tj\u00e4nster godk\u00e4nner du att vi anv\u00e4nder cookies, s\u00e5vida du inte har inaktiverat dessa genom att \u00e4ndra inst\u00e4llningarna f\u00f6r cookies i din webbl\u00e4sare.<\/p>\n<!-- \/wp:paragraph -->\n\n<!-- wp:heading -->\n<h2 class=\"wp-block-heading\">Vad \u00e4r en cookie?<\/h2>\n<!-- \/wp:heading -->\n\n<!-- wp:paragraph -->\n<p>En cookie \u00e4r en liten textfil som lagras p\u00e5 din dator eller annat kommunikationsmedel och som inneh\u00e5ller information som g\u00f6r det m\u00f6jligt f\u00f6r webbplatsen att k\u00e4nna igen din dator. Cookien sparas i det kommunikationsmedel (exempelvis smartphone, l\u00e4splatta eller dator) som du anv\u00e4nder dig av f\u00f6r att webbplatsen ska kunna k\u00e4nna igen dig n\u00e4sta g\u00e5ng du bes\u00f6ker denna.<\/p>\n<!-- \/wp:paragraph -->\n\n<!-- wp:paragraph -->\n<p>Det finns tv\u00e5 typer av cookies, permanenta och tempor\u00e4ra (s.k. sessionscookies). Permanenta cookies lagras som en fil p\u00e5 din dator eller mobila enhet under en l\u00e4ngre period. Permanenta cookies sparas p\u00e5 din dator eller mobila enhet tills de antingen a) upph\u00f6r att g\u00e4lla, b) skrivs \u00f6ver av nya cookies, eller c) du manuellt tar bort dem. Sessionscookies placeras tempor\u00e4rt i din dator eller mobila enhet n\u00e4r du bes\u00f6ker en webbplats, men f\u00f6rsvinner n\u00e4r du st\u00e4nger ner sidan vilket inneb\u00e4r att de inte sparas permanent p\u00e5 din enhet.<\/p>\n<!-- \/wp:paragraph -->\n\n<!-- wp:heading -->\n<h2 class=\"wp-block-heading\">Hur vi anv\u00e4nder cookies<\/h2>\n<!-- \/wp:heading -->\n\n<!-- wp:paragraph -->\n<p>Vi anv\u00e4nder information fr\u00e5n cookies f\u00f6r att g\u00f6ra v\u00e5r webbplats mer anv\u00e4ndarv\u00e4nlig och f\u00f6r att g\u00f6ra det m\u00f6jligt f\u00f6r oss att tillhandah\u00e5lla ett anpassat inneh\u00e5ll. Vi anv\u00e4nder oss \u00e4ven av ett antal auktoriserade tredje parter som, i v\u00e5rt st\u00e4lle, s\u00e4tter ut cookies p\u00e5 v\u00e5r webbplats f\u00f6r att leverera tj\u00e4nster som de tillhandah\u00e5ller.<\/p>\n<!-- \/wp:paragraph -->\n\n<!-- wp:paragraph -->\n<p>Cookies kan bland annat inneh\u00e5lla anv\u00e4ndarinst\u00e4llningar, information om vilken typ av inneh\u00e5ll och vilka annonser som du har tagit del av p\u00e5 v\u00e5r webbplats. Information som lagras kan vara upplysningar om hur du har surfat p\u00e5 och anv\u00e4nt v\u00e5r webbplats, vilken webbl\u00e4sare du har anv\u00e4nt, vilka annonser du har sett och hur du har surfat mellan de olika webbplatserna som vi samarbetar med. Cookies fr\u00e5n externa leverant\u00f6rer kan s\u00e4ttas f\u00f6r att utf\u00f6ra m\u00e4tning av trafik, f\u00f6renkla annonshanteringen och f\u00f6r att f\u00f6rb\u00e4ttra webbplatsens funktionalitet. Vi kan ocks\u00e5 anv\u00e4nda cookies fr\u00e5n externa leverant\u00f6rer f\u00f6r att f\u00f6renkla bannerannonsering p\u00e5 externa partners. S\u00e5dana cookies sp\u00e5rar aktiviteten p\u00e5 v\u00e5r webbplats och anv\u00e4nds bland annat f\u00f6r att anpassa annonserbjudanden till dig.<\/p>\n<!-- \/wp:paragraph -->\n\n<!-- wp:heading -->\n<h2 class=\"wp-block-heading\">Hur v\u00e4ljer jag bort cookies?<\/h2>\n<!-- \/wp:heading -->\n\n<!-- wp:paragraph -->\n<p>Du kan sj\u00e4lv v\u00e4lja om du vill acceptera att ta emot cookies eller inte. Genom att det kommunikationsmedel som du anv\u00e4nder dig av \u00e4r inst\u00e4llt p\u00e5 s\u00e5dant s\u00e4tt att cookies till\u00e5ts samtycker du till att ta emot cookies fr\u00e5n v\u00e5r webbplats.<\/p>\n<!-- \/wp:paragraph -->\n\n<!-- wp:paragraph -->\n<p>Du har m\u00f6jlighet att st\u00e4lla in om du vill att cookies ska f\u00e5 sparas automatiskt i ditt kommunikationsmedel, om du vill tillfr\u00e5gas varje g\u00e5ng en cookie vill sparas eller om du inte vill att n\u00e5gra cookies ska sparas. Detta g\u00f6r du genom att \u00e4ndra inst\u00e4llningarna i din webbl\u00e4sare s\u00e5 att den inte l\u00e4ngre till\u00e5ter cookies. Hur du g\u00f6r detta beror p\u00e5 vilken typ av webbl\u00e4sare som du anv\u00e4nder dig av. Du beh\u00f6ver \u00e4ndra inst\u00e4llningarna i alla webbl\u00e4sare du anv\u00e4nder p\u00e5 alla dina enheter.<\/p>\n<!-- \/wp:paragraph -->\n\n<!-- wp:paragraph -->\n<p>F\u00f6r att ta bort cookies: se hj\u00e4lpdokumentationen f\u00f6r din aktuella webbl\u00e4sare: <\/p>\n<!-- \/wp:paragraph -->\n\n<!-- wp:list -->\n<ul><!-- wp:list-item -->\n<li><a href=\"https:\/\/support.google.com\/chrome\/answer\/95647?hl=en\" target=\"_blank\" rel=\"noreferrer noopener\"><strong>Google Chrome<\/strong><\/a><\/li>\n<!-- \/wp:list-item -->\n\n<!-- wp:list-item -->\n<li><a href=\"https:\/\/support.microsoft.com\/sv-se\/microsoft-edge\/ta-bort-cookies-i-microsoft-edge-63947406-40ac-c3b8-57b9-2a946a29ae09\" target=\"_blank\" rel=\"noreferrer noopener\"><strong>Edge<\/strong><\/a><\/li>\n<!-- \/wp:list-item -->\n\n<!-- wp:list-item -->\n<li><a href=\"https:\/\/support.mozilla.org\/en-US\/kb\/cookies-information-websites-store-on-your-computer\" target=\"_blank\" rel=\"noreferrer noopener\"><strong>Mozilla Firefox<\/strong><\/a><\/li>\n<!-- \/wp:list-item -->\n\n<!-- wp:list-item -->\n<li><a href=\"https:\/\/support.apple.com\/kb\/PH5042?locale=en_US\" target=\"_blank\" rel=\"noreferrer noopener\"><strong>Safari (dator)<\/strong><\/a><\/li>\n<!-- \/wp:list-item -->\n\n<!-- wp:list-item -->\n<li><a href=\"https:\/\/support.apple.com\/en-us\/HT201265\" target=\"_blank\" rel=\"noreferrer noopener\"><strong>Safari (mobil)<\/strong><\/a><\/li>\n<!-- \/wp:list-item -->\n\n<!-- wp:list-item -->\n<li><a href=\"http:\/\/support.google.com\/ics\/nexus\/bin\/answer.py?hl=en&amp;answer=2425067\" target=\"_blank\" rel=\"noreferrer noopener\"><strong>Webbl\u00e4sare Android<\/strong><\/a><\/li>\n<!-- \/wp:list-item -->\n\n<!-- wp:list-item -->\n<li><a href=\"http:\/\/www.opera.com\/help\" target=\"_blank\" rel=\"noreferrer noopener\"><strong>Opera<\/strong><\/a><\/li>\n<!-- \/wp:list-item -->\n\n<!-- wp:list-item -->\n<li><a href=\"http:\/\/www.opera.com\/help\/mobile\/android#privacy\" target=\"_blank\" rel=\"noreferrer noopener\"><strong>Opera (mobil)<\/strong><\/a><\/li>\n<!-- \/wp:list-item --><\/ul>\n<!-- \/wp:list -->\n\n<!-- wp:heading -->\n<h2 class=\"wp-block-heading\">Begr\u00e4nsad funktionalitet<\/h2>\n<!-- \/wp:heading -->\n\n<!-- wp:paragraph -->\n<p>Observera att webbplatsens funktion kan bli begr\u00e4nsad om du v\u00e4ljer att inte acceptera cookies.<\/p>\n<!-- \/wp:paragraph -->","_et_gb_content_width":"","footnotes":""},"class_list":["post-3","page","type-page","status-publish","hentry"],"acf":[],"yoast_head":"<!-- This site is optimized with the Yoast SEO plugin v27.5 - https:\/\/yoast.com\/product\/yoast-seo-wordpress\/ -->\n<title>Integritetspolicy - Uniwater<\/title>\n<meta name=\"robots\" content=\"index, follow, max-snippet:-1, max-image-preview:large, max-video-preview:-1\" \/>\n<link rel=\"canonical\" href=\"https:\/\/uniwater.com\/sv\/integritetspolicy\/\" \/>\n<meta property=\"og:locale\" content=\"sv_SE\" \/>\n<meta property=\"og:type\" content=\"article\" \/>\n<meta property=\"og:title\" content=\"Integritetspolicy - Uniwater\" \/>\n<meta property=\"og:description\" content=\"Vi v\u00e4rnar om din integritetVi anv\u00e4nder cookies av tekniska sk\u00e4l, f\u00f6r att underl\u00e4tta anv\u00e4ndningen av v\u00e5ra tj\u00e4nster och f\u00f6r att ge dig som anv\u00e4ndare relevant information n\u00e4r du bes\u00f6ker v\u00e5r webbplats. Cookies anv\u00e4nds \u00e4ven f\u00f6r att m\u00e4ta trafiken p\u00e5 v\u00e5r webbplats, f\u00f6r insamling av statistik och f\u00f6r att f\u00f6rb\u00e4ttra v\u00e5ra tj\u00e4nster s\u00e5som inloggning och s\u00f6kningar. [&hellip;]\" \/>\n<meta property=\"og:url\" content=\"https:\/\/uniwater.com\/sv\/integritetspolicy\/\" \/>\n<meta property=\"og:site_name\" content=\"Uniwater\" \/>\n<meta property=\"article:modified_time\" content=\"2024-05-14T12:11:48+00:00\" \/>\n<meta name=\"twitter:card\" content=\"summary_large_image\" \/>\n<meta name=\"twitter:label1\" content=\"Ber\u00e4knad l\u00e4stid\" \/>\n\t<meta name=\"twitter:data1\" content=\"3 minuter\" \/>\n<script type=\"application\/ld+json\" class=\"yoast-schema-graph\">{\"@context\":\"https:\\\/\\\/schema.org\",\"@graph\":[{\"@type\":\"WebPage\",\"@id\":\"https:\\\/\\\/uniwater.com\\\/sv\\\/integritetspolicy\\\/\",\"url\":\"https:\\\/\\\/uniwater.com\\\/sv\\\/integritetspolicy\\\/\",\"name\":\"Integritetspolicy - Uniwater\",\"isPartOf\":{\"@id\":\"https:\\\/\\\/uniwater.com\\\/sv\\\/#website\"},\"datePublished\":\"2021-08-09T10:22:09+00:00\",\"dateModified\":\"2024-05-14T12:11:48+00:00\",\"breadcrumb\":{\"@id\":\"https:\\\/\\\/uniwater.com\\\/sv\\\/integritetspolicy\\\/#breadcrumb\"},\"inLanguage\":\"sv-SE\",\"potentialAction\":[{\"@type\":\"ReadAction\",\"target\":[\"https:\\\/\\\/uniwater.com\\\/sv\\\/integritetspolicy\\\/\"]}]},{\"@type\":\"BreadcrumbList\",\"@id\":\"https:\\\/\\\/uniwater.com\\\/sv\\\/integritetspolicy\\\/#breadcrumb\",\"itemListElement\":[{\"@type\":\"ListItem\",\"position\":1,\"name\":\"Hem\",\"item\":\"https:\\\/\\\/uniwater.com\\\/sv\\\/\"},{\"@type\":\"ListItem\",\"position\":2,\"name\":\"Integritetspolicy\"}]},{\"@type\":\"WebSite\",\"@id\":\"https:\\\/\\\/uniwater.com\\\/sv\\\/#website\",\"url\":\"https:\\\/\\\/uniwater.com\\\/sv\\\/\",\"name\":\"Uniwater\",\"description\":\"Framtidens VA-l\u00f6sningar\",\"publisher\":{\"@id\":\"https:\\\/\\\/uniwater.com\\\/sv\\\/#organization\"},\"potentialAction\":[{\"@type\":\"SearchAction\",\"target\":{\"@type\":\"EntryPoint\",\"urlTemplate\":\"https:\\\/\\\/uniwater.com\\\/sv\\\/?s={search_term_string}\"},\"query-input\":{\"@type\":\"PropertyValueSpecification\",\"valueRequired\":true,\"valueName\":\"search_term_string\"}}],\"inLanguage\":\"sv-SE\"},{\"@type\":\"Organization\",\"@id\":\"https:\\\/\\\/uniwater.com\\\/sv\\\/#organization\",\"name\":\"Uniwater\",\"alternateName\":\"Uniwater AB\",\"url\":\"https:\\\/\\\/uniwater.com\\\/sv\\\/\",\"logo\":{\"@type\":\"ImageObject\",\"inLanguage\":\"sv-SE\",\"@id\":\"https:\\\/\\\/uniwater.com\\\/sv\\\/#\\\/schema\\\/logo\\\/image\\\/\",\"url\":\"https:\\\/\\\/uniwater.com\\\/wp-content\\\/uploads\\\/2024\\\/08\\\/Uniwater_Logo_RGB.png\",\"contentUrl\":\"https:\\\/\\\/uniwater.com\\\/wp-content\\\/uploads\\\/2024\\\/08\\\/Uniwater_Logo_RGB.png\",\"width\":851,\"height\":851,\"caption\":\"Uniwater\"},\"image\":{\"@id\":\"https:\\\/\\\/uniwater.com\\\/sv\\\/#\\\/schema\\\/logo\\\/image\\\/\"},\"sameAs\":[\"https:\\\/\\\/www.instagram.com\\\/uniwater_group\\\/\",\"https:\\\/\\\/www.linkedin.com\\\/company\\\/uniwaterab\\\/\"]}]}<\/script>\n<!-- \/ Yoast SEO plugin. -->","yoast_head_json":{"title":"Integritetspolicy - Uniwater","robots":{"index":"index","follow":"follow","max-snippet":"max-snippet:-1","max-image-preview":"max-image-preview:large","max-video-preview":"max-video-preview:-1"},"canonical":"https:\/\/uniwater.com\/sv\/integritetspolicy\/","og_locale":"sv_SE","og_type":"article","og_title":"Integritetspolicy - Uniwater","og_description":"Vi v\u00e4rnar om din integritetVi anv\u00e4nder cookies av tekniska sk\u00e4l, f\u00f6r att underl\u00e4tta anv\u00e4ndningen av v\u00e5ra tj\u00e4nster och f\u00f6r att ge dig som anv\u00e4ndare relevant information n\u00e4r du bes\u00f6ker v\u00e5r webbplats. Cookies anv\u00e4nds \u00e4ven f\u00f6r att m\u00e4ta trafiken p\u00e5 v\u00e5r webbplats, f\u00f6r insamling av statistik och f\u00f6r att f\u00f6rb\u00e4ttra v\u00e5ra tj\u00e4nster s\u00e5som inloggning och s\u00f6kningar. [&hellip;]","og_url":"https:\/\/uniwater.com\/sv\/integritetspolicy\/","og_site_name":"Uniwater","article_modified_time":"2024-05-14T12:11:48+00:00","twitter_card":"summary_large_image","twitter_misc":{"Ber\u00e4knad l\u00e4stid":"3 minuter"},"schema":{"@context":"https:\/\/schema.org","@graph":[{"@type":"WebPage","@id":"https:\/\/uniwater.com\/sv\/integritetspolicy\/","url":"https:\/\/uniwater.com\/sv\/integritetspolicy\/","name":"Integritetspolicy - Uniwater","isPartOf":{"@id":"https:\/\/uniwater.com\/sv\/#website"},"datePublished":"2021-08-09T10:22:09+00:00","dateModified":"2024-05-14T12:11:48+00:00","breadcrumb":{"@id":"https:\/\/uniwater.com\/sv\/integritetspolicy\/#breadcrumb"},"inLanguage":"sv-SE","potentialAction":[{"@type":"ReadAction","target":["https:\/\/uniwater.com\/sv\/integritetspolicy\/"]}]},{"@type":"BreadcrumbList","@id":"https:\/\/uniwater.com\/sv\/integritetspolicy\/#breadcrumb","itemListElement":[{"@type":"ListItem","position":1,"name":"Hem","item":"https:\/\/uniwater.com\/sv\/"},{"@type":"ListItem","position":2,"name":"Integritetspolicy"}]},{"@type":"WebSite","@id":"https:\/\/uniwater.com\/sv\/#website","url":"https:\/\/uniwater.com\/sv\/","name":"Uniwater","description":"Framtidens VA-l\u00f6sningar","publisher":{"@id":"https:\/\/uniwater.com\/sv\/#organization"},"potentialAction":[{"@type":"SearchAction","target":{"@type":"EntryPoint","urlTemplate":"https:\/\/uniwater.com\/sv\/?s={search_term_string}"},"query-input":{"@type":"PropertyValueSpecification","valueRequired":true,"valueName":"search_term_string"}}],"inLanguage":"sv-SE"},{"@type":"Organization","@id":"https:\/\/uniwater.com\/sv\/#organization","name":"Uniwater","alternateName":"Uniwater AB","url":"https:\/\/uniwater.com\/sv\/","logo":{"@type":"ImageObject","inLanguage":"sv-SE","@id":"https:\/\/uniwater.com\/sv\/#\/schema\/logo\/image\/","url":"https:\/\/uniwater.com\/wp-content\/uploads\/2024\/08\/Uniwater_Logo_RGB.png","contentUrl":"https:\/\/uniwater.com\/wp-content\/uploads\/2024\/08\/Uniwater_Logo_RGB.png","width":851,"height":851,"caption":"Uniwater"},"image":{"@id":"https:\/\/uniwater.com\/sv\/#\/schema\/logo\/image\/"},"sameAs":["https:\/\/www.instagram.com\/uniwater_group\/","https:\/\/www.linkedin.com\/company\/uniwaterab\/"]}]}},"_links":{"self":[{"href":"https:\/\/uniwater.com\/sv\/wp-json\/wp\/v2\/pages\/3","targetHints":{"allow":["GET"]}}],"collection":[{"href":"https:\/\/uniwater.com\/sv\/wp-json\/wp\/v2\/pages"}],"about":[{"href":"https:\/\/uniwater.com\/sv\/wp-json\/wp\/v2\/types\/page"}],"author":[{"embeddable":true,"href":"https:\/\/uniwater.com\/sv\/wp-json\/wp\/v2\/users\/1"}],"replies":[{"embeddable":true,"href":"https:\/\/uniwater.com\/sv\/wp-json\/wp\/v2\/comments?post=3"}],"version-history":[{"count":10,"href":"https:\/\/uniwater.com\/sv\/wp-json\/wp\/v2\/pages\/3\/revisions"}],"predecessor-version":[{"id":3978,"href":"https:\/\/uniwater.com\/sv\/wp-json\/wp\/v2\/pages\/3\/revisions\/3978"}],"wp:attachment":[{"href":"https:\/\/uniwater.com\/sv\/wp-json\/wp\/v2\/media?parent=3"}],"curies":[{"name":"wp","href":"https:\/\/api.w.org\/{rel}","templated":true}]}}